{"id":13,"date":"2023-01-13T19:59:07","date_gmt":"2023-01-13T19:59:07","guid":{"rendered":"https:\/\/peipohjanautovaruste.fi\/?page_id=13"},"modified":"2023-04-19T07:51:50","modified_gmt":"2023-04-19T07:51:50","slug":"etusivu","status":"publish","type":"page","link":"https:\/\/peipohjanautovaruste.fi\/","title":{"rendered":"Etusivu"},"content":{"rendered":"<p>[et_pb_section fb_built=&#8221;1&#8243; _builder_version=&#8221;4.16&#8243; custom_padding=&#8221;||6px|||&#8221; global_colors_info=&#8221;{}&#8221;][et_pb_row column_structure=&#8221;1_4,1_2,1_4&#8243; _builder_version=&#8221;4.16&#8243; custom_margin=&#8221;-30px||||false|false&#8221; custom_padding=&#8221;||11px|||&#8221; global_colors_info=&#8221;{}&#8221;][et_pb_column type=&#8221;1_4&#8243; _builder_version=&#8221;4.16&#8243; global_colors_info=&#8221;{}&#8221;][et_pb_image src=&#8221;https:\/\/peipohjanautovaruste.fi\/wp-content\/uploads\/2023\/02\/Logokuva_2valk_2.jpg&#8221; title_text=&#8221;Logokuva_2valk_2&#8243; align=&#8221;center&#8221; _builder_version=&#8221;4.16&#8243; height=&#8221;120px&#8221; global_colors_info=&#8221;{}&#8221;][\/et_pb_image][\/et_pb_column][et_pb_column type=&#8221;1_2&#8243; _builder_version=&#8221;4.16&#8243; global_colors_info=&#8221;{}&#8221;][et_pb_text _builder_version=&#8221;4.16&#8243; text_text_color=&#8221;#0C71C3&#8243; header_font=&#8221;Arial||||||||&#8221; header_text_color=&#8221;#0C71C3&#8243; header_font_size=&#8221;40px&#8221; custom_margin=&#8221;||60px|||&#8221; global_colors_info=&#8221;{}&#8221;]<\/p>\n<h1 style=\"text-align: center;\">Peipohjan autovaruste Ay<\/h1>\n<p>[\/et_pb_text][et_pb_text _builder_version=&#8221;4.16&#8243; text_font=&#8221;Arial||||||||&#8221; text_text_color=&#8221;#E09900&#8243; text_font_size=&#8221;20px&#8221; header_font_size=&#8221;20px&#8221; custom_margin=&#8221;-56px|||||&#8221; custom_padding=&#8221;||0px|||&#8221; global_colors_info=&#8221;{}&#8221;]<\/p>\n<p style=\"text-align: center;\">Linjatie 2, 32800 KOKEM\u00c4KI<\/p>\n<p>[\/et_pb_text][et_pb_text _builder_version=&#8221;4.16&#8243; text_font=&#8221;Arial||||||||&#8221; text_text_color=&#8221;#E09900&#8243; text_font_size=&#8221;18px&#8221; custom_margin=&#8221;-22px||||false|false&#8221; global_colors_info=&#8221;{}&#8221;]<\/p>\n<p style=\"text-align: center;\">Puh 02-546 7260, 0400 718 500<br \/> Avoinna\u00a0 \u00a0 \u00a0 \u00a0 \u00a0 \u00a0 \u00a0 Ma &#8211; Pe\u00a0 8 &#8211; 17<\/p>\n<p>[\/et_pb_text][\/et_pb_column][et_pb_column type=&#8221;1_4&#8243; _builder_version=&#8221;4.16&#8243; global_colors_info=&#8221;{}&#8221;][\/et_pb_column][\/et_pb_row][et_pb_row _builder_version=&#8221;4.16&#8243; global_colors_info=&#8221;{}&#8221;][et_pb_column type=&#8221;4_4&#8243; _builder_version=&#8221;4.16&#8243; global_colors_info=&#8221;{}&#8221;][et_pb_text admin_label=&#8221;Etusivu&#8221; _builder_version=&#8221;4.16&#8243; header_font=&#8221;Arial||||||||&#8221; header_text_color=&#8221;#FFFFFF&#8221; header_2_font=&#8221;Arial|700|||||||&#8221; header_2_text_align=&#8221;center&#8221; header_2_text_color=&#8221;#FFFFFF&#8221; header_2_letter_spacing=&#8221;4px&#8221; header_2_line_height=&#8221;1.1em&#8221; background_color=&#8221;#9e9e9e&#8221; custom_margin=&#8221;-22px|||||&#8221; global_colors_info=&#8221;{}&#8221;]<\/p>\n<h2><\/h2>\n<h2>Etusivu<\/h2>\n<p>[\/et_pb_text][\/et_pb_column][\/et_pb_row][et_pb_row column_structure=&#8221;1_4,1_2,1_4&#8243; _builder_version=&#8221;4.16&#8243; global_colors_info=&#8221;{}&#8221;][et_pb_column type=&#8221;1_4&#8243; _builder_version=&#8221;4.16&#8243; global_colors_info=&#8221;{}&#8221;][et_pb_image src=&#8221;https:\/\/peipohjanautovaruste.fi\/wp-content\/uploads\/2023\/02\/IMG_20191118_111722_1.jpg&#8221; title_text=&#8221;IMG_20191118_111722_1&#8243; align=&#8221;right&#8221; _builder_version=&#8221;4.16&#8243; hover_enabled=&#8221;0&#8243; global_colors_info=&#8221;{}&#8221; sticky_enabled=&#8221;0&#8243;][\/et_pb_image][\/et_pb_column][et_pb_column type=&#8221;1_2&#8243; _builder_version=&#8221;4.16&#8243; global_colors_info=&#8221;{}&#8221;][et_pb_text _builder_version=&#8221;4.20.4&#8243; text_font=&#8221;||||||||&#8221; global_colors_info=&#8221;{}&#8221;]<\/p>\n<p>Peipohjan autovaruste ay on perheyritys, joka on toiminut vuodesta 1970 l\u00e4htien.<\/p>\n<p>Harjoitamme autojen purkua, k\u00e4ytettyjen varaosien myynti\u00e4 sek\u00e4 hinauspalvelua. Toimimme my\u00f6s kierr\u00e4tyspisteen\u00e4.<\/p>\n<p>Puramme vaurioajoneuvoja ja otamme niist\u00e4 hyv\u00e4kuntoiset osat talteen ja myymme niit\u00e4 uusiok\u00e4ytt\u00f6\u00f6n. Purkuosia myyd\u00e4\u00e4n edullisesti ja niille my\u00f6nnet\u00e4\u00e4n takuu.<\/p>\n<p>&nbsp;<\/p>\n<p>[\/et_pb_text][\/et_pb_column][et_pb_column type=&#8221;1_4&#8243; _builder_version=&#8221;4.16&#8243; global_colors_info=&#8221;{}&#8221;][et_pb_image src=&#8221;https:\/\/peipohjanautovaruste.fi\/wp-content\/uploads\/2023\/02\/IMG_20190812_120544_1.jpg&#8221; title_text=&#8221;IMG_20190812_120544_1&#8243; _builder_version=&#8221;4.16&#8243; hover_enabled=&#8221;0&#8243; global_colors_info=&#8221;{}&#8221; sticky_enabled=&#8221;0&#8243;][\/et_pb_image][et_pb_text _builder_version=&#8221;4.20.4&#8243; _module_preset=&#8221;default&#8221; hover_enabled=&#8221;0&#8243; sticky_enabled=&#8221;0&#8243;]<\/p>\n<p>&nbsp;<\/p>\n<p>[\/et_pb_text][\/et_pb_column][\/et_pb_row][et_pb_row column_structure=&#8221;1_2,1_2&#8243; _builder_version=&#8221;4.16&#8243; custom_margin=&#8221;-60px||||false|false&#8221; global_colors_info=&#8221;{}&#8221;][et_pb_column type=&#8221;1_2&#8243; _builder_version=&#8221;4.16&#8243; global_colors_info=&#8221;{}&#8221;][et_pb_image src=&#8221;https:\/\/peipohjanautovaruste.fi\/wp-content\/uploads\/2023\/03\/aluekuva.jpg&#8221; title_text=&#8221;aluekuva&#8221; align=&#8221;right&#8221; _builder_version=&#8221;4.16&#8243; global_colors_info=&#8221;{}&#8221;][\/et_pb_image][\/et_pb_column][et_pb_column type=&#8221;1_2&#8243; _builder_version=&#8221;4.16&#8243; global_colors_info=&#8221;{}&#8221;][et_pb_text _builder_version=&#8221;4.20.4&#8243; global_colors_info=&#8221;{}&#8221;]<\/p>\n<p>Liiketoimintamme osa-alueet ovat:<br \/>Varaosapalvelu<br \/>Hinauspalvelu<br \/>Romutuspalvelu<br \/>SER-kierr\u00e4tyspalvelut<\/p>\n<p>Toimitilamme l\u00f6yd\u00e4t Kokem\u00e4elt\u00e4, osoitteesta Linjatie 2.<\/p>\n<p>[\/et_pb_text][\/et_pb_column][\/et_pb_row][\/et_pb_section]<\/p>\n","protected":false},"excerpt":{"rendered":"<p>Peipohjan autovaruste AyLinjatie 2, 32800 KOKEM\u00c4KIPuh 02-546 7260, 0400 718 500 Avoinna\u00a0 \u00a0 \u00a0 \u00a0 \u00a0 \u00a0 \u00a0 Ma &#8211; Pe\u00a0 8 &#8211; 17 EtusivuPeipohjan autovaruste ay on perheyritys, joka on toiminut vuodesta 1970 l\u00e4htien. Harjoitamme autojen purkua, k\u00e4ytettyjen varaosien myynti\u00e4 sek\u00e4 hinauspalvelua. Toimimme my\u00f6s kierr\u00e4tyspisteen\u00e4. Puramme vaurioajoneuvoja ja otamme niist\u00e4 hyv\u00e4kuntoiset osat talteen ja [&hellip;]<\/p>\n","protected":false},"author":2,"featured_media":0,"parent":0,"menu_order":0,"comment_status":"closed","ping_status":"closed","template":"","meta":{"_et_pb_use_builder":"on","_et_pb_old_content":"","_et_gb_content_width":"","footnotes":""},"class_list":["post-13","page","type-page","status-publish","hentry"],"_links":{"self":[{"href":"https:\/\/peipohjanautovaruste.fi\/index.php?rest_route=\/wp\/v2\/pages\/13","targetHints":{"allow":["GET"]}}],"collection":[{"href":"https:\/\/peipohjanautovaruste.fi\/index.php?rest_route=\/wp\/v2\/pages"}],"about":[{"href":"https:\/\/peipohjanautovaruste.fi\/index.php?rest_route=\/wp\/v2\/types\/page"}],"author":[{"embeddable":true,"href":"https:\/\/peipohjanautovaruste.fi\/index.php?rest_route=\/wp\/v2\/users\/2"}],"replies":[{"embeddable":true,"href":"https:\/\/peipohjanautovaruste.fi\/index.php?rest_route=%2Fwp%2Fv2%2Fcomments&post=13"}],"version-history":[{"count":91,"href":"https:\/\/peipohjanautovaruste.fi\/index.php?rest_route=\/wp\/v2\/pages\/13\/revisions"}],"predecessor-version":[{"id":423,"href":"https:\/\/peipohjanautovaruste.fi\/index.php?rest_route=\/wp\/v2\/pages\/13\/revisions\/423"}],"wp:attachment":[{"href":"https:\/\/peipohjanautovaruste.fi\/index.php?rest_route=%2Fwp%2Fv2%2Fmedia&parent=13"}],"curies":[{"name":"wp","href":"https:\/\/api.w.org\/{rel}","templated":true}]}}