{"id":133,"date":"2023-02-24T19:37:54","date_gmt":"2023-02-24T19:37:54","guid":{"rendered":"https:\/\/peipohjanautovaruste.fi\/?page_id=133"},"modified":"2023-04-19T06:21:42","modified_gmt":"2023-04-19T06:21:42","slug":"hinauspalvelu","status":"publish","type":"page","link":"https:\/\/peipohjanautovaruste.fi\/?page_id=133","title":{"rendered":"Hinauspalvelu"},"content":{"rendered":"<p>[et_pb_section fb_built=&#8221;1&#8243; _builder_version=&#8221;4.16&#8243; custom_padding=&#8221;||501px|||&#8221; global_colors_info=&#8221;{}&#8221;][et_pb_row column_structure=&#8221;1_4,1_2,1_4&#8243; _builder_version=&#8221;4.16&#8243; custom_margin=&#8221;-30px||||false|false&#8221; custom_padding=&#8221;||11px|||&#8221; global_colors_info=&#8221;{}&#8221;][et_pb_column type=&#8221;1_4&#8243; _builder_version=&#8221;4.16&#8243; global_colors_info=&#8221;{}&#8221;][et_pb_image src=&#8221;https:\/\/peipohjanautovaruste.fi\/wp-content\/uploads\/2023\/02\/Logokuva_2valk_2.jpg&#8221; title_text=&#8221;Logokuva_2valk_2&#8243; align=&#8221;center&#8221; _builder_version=&#8221;4.16&#8243; height=&#8221;120px&#8221; global_colors_info=&#8221;{}&#8221;][\/et_pb_image][\/et_pb_column][et_pb_column type=&#8221;1_2&#8243; _builder_version=&#8221;4.16&#8243; global_colors_info=&#8221;{}&#8221;][et_pb_text _builder_version=&#8221;4.16&#8243; text_text_color=&#8221;#0C71C3&#8243; header_font=&#8221;Arial||||||||&#8221; header_text_color=&#8221;#0C71C3&#8243; header_font_size=&#8221;40px&#8221; custom_margin=&#8221;||60px|||&#8221; global_colors_info=&#8221;{}&#8221;]<\/p>\n<h1 style=\"text-align: center;\">Peipohjan autovaruste Ay<\/h1>\n<p>[\/et_pb_text][et_pb_text _builder_version=&#8221;4.16&#8243; text_font=&#8221;Arial||||||||&#8221; text_text_color=&#8221;#E09900&#8243; text_font_size=&#8221;20px&#8221; header_font_size=&#8221;20px&#8221; custom_margin=&#8221;-56px|||||&#8221; custom_padding=&#8221;||0px|||&#8221; global_colors_info=&#8221;{}&#8221;]<\/p>\n<p style=\"text-align: center;\">Linjatie 2, 32800 KOKEM\u00c4KI<\/p>\n<p>[\/et_pb_text][et_pb_text _builder_version=&#8221;4.16&#8243; text_font=&#8221;Arial||||||||&#8221; text_text_color=&#8221;#E09900&#8243; text_font_size=&#8221;18px&#8221; custom_margin=&#8221;-22px||||false|false&#8221; global_colors_info=&#8221;{}&#8221;]<\/p>\n<p style=\"text-align: center;\">Puh 02-546 7260, 0400 718 500<br \/> Avoinna\u00a0 \u00a0 \u00a0 \u00a0 \u00a0 \u00a0 \u00a0 Ma &#8211; Pe\u00a0 8 &#8211; 17<\/p>\n<p>[\/et_pb_text][\/et_pb_column][et_pb_column type=&#8221;1_4&#8243; _builder_version=&#8221;4.16&#8243; global_colors_info=&#8221;{}&#8221;][\/et_pb_column][\/et_pb_row][et_pb_row _builder_version=&#8221;4.16&#8243; global_colors_info=&#8221;{}&#8221;][et_pb_column type=&#8221;4_4&#8243; _builder_version=&#8221;4.16&#8243; global_colors_info=&#8221;{}&#8221;][et_pb_text _builder_version=&#8221;4.16&#8243; header_font=&#8221;Arial||||||||&#8221; header_text_color=&#8221;#FFFFFF&#8221; header_2_font=&#8221;Arial|700|||||||&#8221; header_2_text_align=&#8221;center&#8221; header_2_text_color=&#8221;#FFFFFF&#8221; header_2_letter_spacing=&#8221;4px&#8221; header_2_line_height=&#8221;1.1em&#8221; background_color=&#8221;#9e9e9e&#8221; custom_margin=&#8221;-22px|||||&#8221; global_colors_info=&#8221;{}&#8221;]<\/p>\n<h2><\/h2>\n<h2>Hinauspalvelu<strong>, puh. 0400-222239<\/strong>\u00a0<\/h2>\n<p>[\/et_pb_text][\/et_pb_column][\/et_pb_row][et_pb_row column_structure=&#8221;1_5,3_5,1_5&#8243; _builder_version=&#8221;4.16&#8243; global_colors_info=&#8221;{}&#8221;][et_pb_column type=&#8221;1_5&#8243; _builder_version=&#8221;4.16&#8243; global_colors_info=&#8221;{}&#8221;][et_pb_image src=&#8221;https:\/\/peipohjanautovaruste.fi\/wp-content\/uploads\/2023\/02\/IMG_20210608_153048_2.jpg&#8221; title_text=&#8221;IMG_20210608_153048_2&#8243; _builder_version=&#8221;4.16&#8243; global_colors_info=&#8221;{}&#8221;][\/et_pb_image][\/et_pb_column][et_pb_column type=&#8221;3_5&#8243; _builder_version=&#8221;4.16&#8243; global_colors_info=&#8221;{}&#8221;][et_pb_text _builder_version=&#8221;4.20.4&#8243; hover_enabled=&#8221;0&#8243; global_colors_info=&#8221;{}&#8221; sticky_enabled=&#8221;0&#8243;]<\/p>\n<p>Autamme autoilijoita vuoden jokaisena p\u00e4iv\u00e4n\u00e4 mukaan lukien viikonloput ja juhlapyh\u00e4t. Tarjoamme hinaus- ja kuljetuspalveluita ymp\u00e4ri Satakuntaa. Toimialueeseen kuuluu Kokem\u00e4en lis\u00e4ksi l\u00e4hikunnat.<\/p>\n<p style=\"text-align: justify;\">Kun auto j\u00e4tt\u00e4\u00e4 tielle, meilt\u00e4 saat tarvitsemasi avun. Matkan voi keskeytt\u00e4\u00e4 peltikolari, ulosajo tai ajoneuvoon tullut tekninen vika.<\/p>\n<p style=\"text-align: justify;\">H\u00e4lytyshinausten lis\u00e4ksi suoritamme ajoneuvojen kiireett\u00f6mi\u00e4 siirtoja ja autojen ovien avauksia.<\/p>\n<p style=\"text-align: justify;\">Matkasi keskeytyess\u00e4 yll\u00e4tt\u00e4en tai jos tarvitset ajoneuvon siirtoa, soita meille!<\/p>\n<p>&nbsp;<\/p>\n<p>[\/et_pb_text][\/et_pb_column][et_pb_column type=&#8221;1_5&#8243; _builder_version=&#8221;4.16&#8243; global_colors_info=&#8221;{}&#8221;][\/et_pb_column][\/et_pb_row][et_pb_row column_structure=&#8221;1_4,1_4,1_4,1_4&#8243; _builder_version=&#8221;4.16&#8243; custom_margin=&#8221;-50px||||false|false&#8221; global_colors_info=&#8221;{}&#8221;][et_pb_column type=&#8221;1_4&#8243; _builder_version=&#8221;4.16&#8243; global_colors_info=&#8221;{}&#8221;][\/et_pb_column][et_pb_column type=&#8221;1_4&#8243; _builder_version=&#8221;4.16&#8243; global_colors_info=&#8221;{}&#8221;][et_pb_image src=&#8221;https:\/\/peipohjanautovaruste.fi\/wp-content\/uploads\/2023\/02\/IMG_20191025_111355_1.jpg&#8221; title_text=&#8221;IMG_20191025_111355_1&#8243; _builder_version=&#8221;4.16&#8243; max_height=&#8221;115px&#8221; global_colors_info=&#8221;{}&#8221;][\/et_pb_image][\/et_pb_column][et_pb_column type=&#8221;1_4&#8243; _builder_version=&#8221;4.16&#8243; global_colors_info=&#8221;{}&#8221;][et_pb_image src=&#8221;https:\/\/peipohjanautovaruste.fi\/wp-content\/uploads\/2023\/02\/IMG_20190617_21.jpg&#8221; title_text=&#8221;dav&#8221; _builder_version=&#8221;4.16&#8243; max_height=&#8221;115px&#8221; global_colors_info=&#8221;{}&#8221;][\/et_pb_image][\/et_pb_column][et_pb_column type=&#8221;1_4&#8243; _builder_version=&#8221;4.16&#8243; global_colors_info=&#8221;{}&#8221;][\/et_pb_column][\/et_pb_row][\/et_pb_section]<\/p>\n","protected":false},"excerpt":{"rendered":"<p>Peipohjan autovaruste AyLinjatie 2, 32800 KOKEM\u00c4KIPuh 02-546 7260, 0400 718 500 Avoinna\u00a0 \u00a0 \u00a0 \u00a0 \u00a0 \u00a0 \u00a0 Ma &#8211; Pe\u00a0 8 &#8211; 17 Hinauspalvelu, puh. 0400-222239\u00a0Autamme autoilijoita vuoden jokaisena p\u00e4iv\u00e4n\u00e4 mukaan lukien viikonloput ja juhlapyh\u00e4t. Tarjoamme hinaus- ja kuljetuspalveluita ymp\u00e4ri Satakuntaa. Toimialueeseen kuuluu Kokem\u00e4en lis\u00e4ksi l\u00e4hikunnat. Kun auto j\u00e4tt\u00e4\u00e4 tielle, meilt\u00e4 saat tarvitsemasi avun. [&hellip;]<\/p>\n","protected":false},"author":2,"featured_media":0,"parent":0,"menu_order":0,"comment_status":"closed","ping_status":"closed","template":"","meta":{"_et_pb_use_builder":"on","_et_pb_old_content":"","_et_gb_content_width":"","footnotes":""},"class_list":["post-133","page","type-page","status-publish","hentry"],"_links":{"self":[{"href":"https:\/\/peipohjanautovaruste.fi\/index.php?rest_route=\/wp\/v2\/pages\/133","targetHints":{"allow":["GET"]}}],"collection":[{"href":"https:\/\/peipohjanautovaruste.fi\/index.php?rest_route=\/wp\/v2\/pages"}],"about":[{"href":"https:\/\/peipohjanautovaruste.fi\/index.php?rest_route=\/wp\/v2\/types\/page"}],"author":[{"embeddable":true,"href":"https:\/\/peipohjanautovaruste.fi\/index.php?rest_route=\/wp\/v2\/users\/2"}],"replies":[{"embeddable":true,"href":"https:\/\/peipohjanautovaruste.fi\/index.php?rest_route=%2Fwp%2Fv2%2Fcomments&post=133"}],"version-history":[{"count":21,"href":"https:\/\/peipohjanautovaruste.fi\/index.php?rest_route=\/wp\/v2\/pages\/133\/revisions"}],"predecessor-version":[{"id":415,"href":"https:\/\/peipohjanautovaruste.fi\/index.php?rest_route=\/wp\/v2\/pages\/133\/revisions\/415"}],"wp:attachment":[{"href":"https:\/\/peipohjanautovaruste.fi\/index.php?rest_route=%2Fwp%2Fv2%2Fmedia&parent=133"}],"curies":[{"name":"wp","href":"https:\/\/api.w.org\/{rel}","templated":true}]}}