{"id":154,"date":"2023-02-24T20:26:34","date_gmt":"2023-02-24T20:26:34","guid":{"rendered":"https:\/\/peipohjanautovaruste.fi\/?page_id=154"},"modified":"2023-04-27T06:54:23","modified_gmt":"2023-04-27T06:54:23","slug":"ser-kierratyspalvelut","status":"publish","type":"page","link":"https:\/\/peipohjanautovaruste.fi\/?page_id=154","title":{"rendered":"SER-kierr\u00e4tyspalvelut"},"content":{"rendered":"<p>[et_pb_section fb_built=&#8221;1&#8243; _builder_version=&#8221;4.16&#8243; custom_padding=&#8221;||501px|||&#8221; global_colors_info=&#8221;{}&#8221;][et_pb_row column_structure=&#8221;1_4,1_2,1_4&#8243; _builder_version=&#8221;4.16&#8243; custom_margin=&#8221;-30px||||false|false&#8221; custom_padding=&#8221;||||false|false&#8221; global_colors_info=&#8221;{}&#8221;][et_pb_column type=&#8221;1_4&#8243; _builder_version=&#8221;4.16&#8243; global_colors_info=&#8221;{}&#8221;][et_pb_image src=&#8221;https:\/\/peipohjanautovaruste.fi\/wp-content\/uploads\/2023\/02\/Logokuva_2valk_2.jpg&#8221; title_text=&#8221;Logokuva_2valk_2&#8243; align=&#8221;center&#8221; _builder_version=&#8221;4.16&#8243; max_height=&#8221;120px&#8221; global_colors_info=&#8221;{}&#8221;][\/et_pb_image][\/et_pb_column][et_pb_column type=&#8221;1_2&#8243; _builder_version=&#8221;4.16&#8243; global_colors_info=&#8221;{}&#8221;][et_pb_text _builder_version=&#8221;4.16&#8243; text_text_color=&#8221;#0C71C3&#8243; header_font=&#8221;Arial||||||||&#8221; header_text_color=&#8221;#0C71C3&#8243; header_font_size=&#8221;40px&#8221; custom_margin=&#8221;||60px|||&#8221; global_colors_info=&#8221;{}&#8221;]<\/p>\n<h1 style=\"text-align: center;\">Peipohjan autovaruste Ay<\/h1>\n<p>[\/et_pb_text][et_pb_text _builder_version=&#8221;4.16&#8243; text_font=&#8221;Arial||||||||&#8221; text_text_color=&#8221;#E09900&#8243; text_font_size=&#8221;20px&#8221; header_font_size=&#8221;20px&#8221; custom_margin=&#8221;-56px|||||&#8221; custom_padding=&#8221;||0px|||&#8221; global_colors_info=&#8221;{}&#8221;]<\/p>\n<p style=\"text-align: center;\">Linjatie 2, 32800 KOKEM\u00c4KI<\/p>\n<p>[\/et_pb_text][et_pb_text _builder_version=&#8221;4.16&#8243; text_font=&#8221;Arial||||||||&#8221; text_text_color=&#8221;#E09900&#8243; text_font_size=&#8221;18px&#8221; custom_margin=&#8221;-22px||||false|false&#8221; global_colors_info=&#8221;{}&#8221;]<\/p>\n<p style=\"text-align: center;\">Puh 02-546 7260, 0400 718 500<br \/> Avoinna\u00a0 \u00a0 \u00a0 \u00a0 \u00a0 \u00a0 \u00a0 Ma &#8211; Pe\u00a0 8 &#8211; 17<\/p>\n<p>[\/et_pb_text][\/et_pb_column][et_pb_column type=&#8221;1_4&#8243; _builder_version=&#8221;4.16&#8243; global_colors_info=&#8221;{}&#8221;][\/et_pb_column][\/et_pb_row][et_pb_row _builder_version=&#8221;4.16&#8243; custom_margin=&#8221;-15px||||false|false&#8221; global_colors_info=&#8221;{}&#8221;][et_pb_column type=&#8221;4_4&#8243; _builder_version=&#8221;4.16&#8243; global_colors_info=&#8221;{}&#8221;][et_pb_text _builder_version=&#8221;4.16&#8243; header_font=&#8221;Arial||||||||&#8221; header_text_color=&#8221;#FFFFFF&#8221; header_2_font=&#8221;Arial|700|||||||&#8221; header_2_text_align=&#8221;center&#8221; header_2_text_color=&#8221;#FFFFFF&#8221; header_2_letter_spacing=&#8221;4px&#8221; header_2_line_height=&#8221;1.1em&#8221; background_color=&#8221;#9e9e9e&#8221; custom_margin=&#8221;-22px|||||&#8221; global_colors_info=&#8221;{}&#8221;]<\/p>\n<h2><\/h2>\n<h2>SER-kierr\u00e4tyspalvelut<\/h2>\n<p>[\/et_pb_text][\/et_pb_column][\/et_pb_row][et_pb_row column_structure=&#8221;1_4,1_2,1_4&#8243; _builder_version=&#8221;4.16&#8243; global_colors_info=&#8221;{}&#8221;][et_pb_column type=&#8221;1_4&#8243; _builder_version=&#8221;4.16&#8243; global_colors_info=&#8221;{}&#8221;][et_pb_image src=&#8221;https:\/\/peipohjanautovaruste.fi\/wp-content\/uploads\/2023\/04\/ser_poistuvat_10.jpg&#8221; _builder_version=&#8221;4.20.4&#8243; _module_preset=&#8221;default&#8221; title_text=&#8221;ser_poistuvat_10&#8243; hover_enabled=&#8221;0&#8243; sticky_enabled=&#8221;0&#8243;][\/et_pb_image][\/et_pb_column][et_pb_column type=&#8221;1_2&#8243; _builder_version=&#8221;4.16&#8243; global_colors_info=&#8221;{}&#8221;][et_pb_text _builder_version=&#8221;4.20.4&#8243; header_font=&#8221;Arial||||||||&#8221; header_text_color=&#8221;#FFFFFF&#8221; header_2_font=&#8221;Arial|700|||||||&#8221; header_2_text_align=&#8221;center&#8221; header_2_text_color=&#8221;#FFFFFF&#8221; header_2_letter_spacing=&#8221;4px&#8221; header_2_line_height=&#8221;1.1em&#8221; background_color=&#8221;#FFFFFF&#8221; custom_margin=&#8221;-22px|||||&#8221; global_colors_info=&#8221;{}&#8221;]<\/p>\n<p style=\"text-align: left;\">Kierr\u00e4t\u00e4mme s\u00e4hk\u00f6ll\u00e4, akulla tai paristoilla toimineet tarpeettomiksi k\u00e4yneet s\u00e4hk\u00f6 &#8211; ja elektroniikkalaitteet. T\u00e4llaisia ovat kylm\u00e4laitteet, kodinkoneet, valaisimet, loisteputket, televisiot, tietokoneet, n\u00e4yt\u00f6t, tulostimet, matkapuhelimet, tabletit, verkkolaitteet jne.<\/p>\n<p style=\"text-align: left;\">Kierr\u00e4tysprosessissa s\u00e4hk\u00f6- ja elektroniikkaromuista poistetaan vaaralliset aineet ja otetaan talteen ja k\u00e4ytt\u00f6kelpoiset materiaalit ohjataan uudelleen k\u00e4ytett\u00e4v\u00e4ksi.<\/p>\n<p style=\"text-align: left;\">Vastaanottopisteemme ovat Linjatie 2, joka on avoinna arkisin 8 \u2013 17 tai vaihtoehtoisesti K\u00f6yli\u00f6ntie 358.<\/p>\n<p style=\"text-align: left;\">Kummastakin paikasta l\u00f6ytyy my\u00f6s metalliromun sek\u00e4 akkujen vastaanotto.<\/p>\n<p style=\"text-align: left;\">Ep\u00e4selviss\u00e4 tapauksissa kysy lis\u00e4\u00e4 puh.02-5467260. Vastaamme mielell\u00e4mme!<\/p>\n<p>[\/et_pb_text][\/et_pb_column][et_pb_column type=&#8221;1_4&#8243; _builder_version=&#8221;4.16&#8243; global_colors_info=&#8221;{}&#8221;][et_pb_image src=&#8221;https:\/\/peipohjanautovaruste.fi\/wp-content\/uploads\/2023\/04\/Ser_romu_10.jpg&#8221; _builder_version=&#8221;4.20.4&#8243; _module_preset=&#8221;default&#8221; title_text=&#8221;Ser_romu_10&#8243; hover_enabled=&#8221;0&#8243; sticky_enabled=&#8221;0&#8243;][\/et_pb_image][\/et_pb_column][\/et_pb_row][\/et_pb_section]<\/p>\n","protected":false},"excerpt":{"rendered":"<p>Peipohjan autovaruste AyLinjatie 2, 32800 KOKEM\u00c4KIPuh 02-546 7260, 0400 718 500 Avoinna\u00a0 \u00a0 \u00a0 \u00a0 \u00a0 \u00a0 \u00a0 Ma &#8211; Pe\u00a0 8 &#8211; 17 SER-kierr\u00e4tyspalvelutKierr\u00e4t\u00e4mme s\u00e4hk\u00f6ll\u00e4, akulla tai paristoilla toimineet tarpeettomiksi k\u00e4yneet s\u00e4hk\u00f6 &#8211; ja elektroniikkalaitteet. T\u00e4llaisia ovat kylm\u00e4laitteet, kodinkoneet, valaisimet, loisteputket, televisiot, tietokoneet, n\u00e4yt\u00f6t, tulostimet, matkapuhelimet, tabletit, verkkolaitteet jne. Kierr\u00e4tysprosessissa s\u00e4hk\u00f6- ja elektroniikkaromuista poistetaan [&hellip;]<\/p>\n","protected":false},"author":2,"featured_media":0,"parent":0,"menu_order":0,"comment_status":"closed","ping_status":"closed","template":"","meta":{"_et_pb_use_builder":"on","_et_pb_old_content":"","_et_gb_content_width":"","footnotes":""},"class_list":["post-154","page","type-page","status-publish","hentry"],"_links":{"self":[{"href":"https:\/\/peipohjanautovaruste.fi\/index.php?rest_route=\/wp\/v2\/pages\/154","targetHints":{"allow":["GET"]}}],"collection":[{"href":"https:\/\/peipohjanautovaruste.fi\/index.php?rest_route=\/wp\/v2\/pages"}],"about":[{"href":"https:\/\/peipohjanautovaruste.fi\/index.php?rest_route=\/wp\/v2\/types\/page"}],"author":[{"embeddable":true,"href":"https:\/\/peipohjanautovaruste.fi\/index.php?rest_route=\/wp\/v2\/users\/2"}],"replies":[{"embeddable":true,"href":"https:\/\/peipohjanautovaruste.fi\/index.php?rest_route=%2Fwp%2Fv2%2Fcomments&post=154"}],"version-history":[{"count":22,"href":"https:\/\/peipohjanautovaruste.fi\/index.php?rest_route=\/wp\/v2\/pages\/154\/revisions"}],"predecessor-version":[{"id":441,"href":"https:\/\/peipohjanautovaruste.fi\/index.php?rest_route=\/wp\/v2\/pages\/154\/revisions\/441"}],"wp:attachment":[{"href":"https:\/\/peipohjanautovaruste.fi\/index.php?rest_route=%2Fwp%2Fv2%2Fmedia&parent=154"}],"curies":[{"name":"wp","href":"https:\/\/api.w.org\/{rel}","templated":true}]}}